{"id":2,"date":"2024-10-23T11:53:29","date_gmt":"2024-10-23T11:53:29","guid":{"rendered":"https:\/\/parroquiaventurada.archimadrid.es\/?page_id=2"},"modified":"2026-05-01T19:11:42","modified_gmt":"2026-05-01T18:11:42","slug":"portada","status":"publish","type":"page","link":"https:\/\/parroquiaventurada.archimadrid.es\/","title":{"rendered":"Portada"},"content":{"rendered":"\n<div class=\"wp-block-group has-global-padding is-layout-constrained wp-container-core-group-is-layout-b1fefe26 wp-block-group-is-layout-constrained\">\n<h1 class=\"wp-block-heading alignwide has-text-align-center has-large-font-size\"><mark style=\"background-color:rgba(0, 0, 0, 0)\" class=\"has-inline-color has-accent-3-color\">Bienvenidos a la web de la Parroquia de Venturada<\/mark><\/h1>\n\n\n\n<div style=\"height:28px\" aria-hidden=\"true\" class=\"wp-block-spacer\"><\/div>\n\n\n\n<div class=\"wp-block-group has-border-color has-accent-3-border-color is-vertical is-content-justification-center is-layout-flex wp-container-core-group-is-layout-8996f481 wp-block-group-is-layout-flex\" style=\"border-style:dotted;border-width:3px;padding-top:var(--wp--preset--spacing--10);padding-bottom:var(--wp--preset--spacing--10)\">\n<p class=\"has-text-align-center\"><mark style=\"background-color:rgba(0, 0, 0, 0)\" class=\"has-inline-color has-accent-3-color\"><strong>Festividad de San Isidro<\/strong><\/mark><\/p>\n\n\n\n<p>Viernes <strong>15-Mayo<\/strong>-2026 \u00b7 Misa<\/p>\n\n\n\n<div class=\"wp-block-group is-nowrap is-layout-flex wp-container-core-group-is-layout-6c531013 wp-block-group-is-layout-flex\">\n<p>VENTURADA (s\u00f3lo en el pueblo) &#8211; <strong>12:00h<\/strong><\/p>\n<\/div>\n<\/div>\n\n\n\n<div class=\"wp-block-group has-border-color has-global-padding is-layout-constrained wp-container-core-group-is-layout-638224cd wp-block-group-is-layout-constrained\" style=\"border-color:#cd5029;border-radius:25px;margin-top:var(--wp--preset--spacing--10);margin-bottom:var(--wp--preset--spacing--10);padding-top:var(--wp--preset--spacing--10);padding-right:var(--wp--preset--spacing--10);padding-bottom:var(--wp--preset--spacing--10);padding-left:var(--wp--preset--spacing--10)\">\n<h3 class=\"wp-block-heading has-text-align-center\">Capilla de Cotos de Monterrey<\/h3>\n\n\n\n<div class=\"wp-block-group is-vertical is-content-justification-center is-layout-flex wp-container-core-group-is-layout-ce155fab wp-block-group-is-layout-flex\">\n<div class=\"wp-block-columns is-layout-flex wp-container-core-columns-is-layout-3888487c wp-block-columns-is-layout-flex\" style=\"margin-top:0;margin-bottom:0;padding-top:0;padding-right:0;padding-bottom:0;padding-left:0\">\n<div class=\"wp-block-column is-vertically-aligned-top has-global-padding is-content-justification-center is-layout-constrained wp-container-core-column-is-layout-67856b77 wp-block-column-is-layout-constrained\" style=\"padding-top:0px;padding-bottom:0px;flex-basis:100%\">\n<figure class=\"wp-block-image aligncenter size-large\" style=\"margin-top:var(--wp--preset--spacing--40);margin-bottom:var(--wp--preset--spacing--40)\"><img loading=\"lazy\" decoding=\"async\" width=\"1024\" height=\"682\" src=\"https:\/\/parroquiaventurada.archimadrid.es\/wp-content\/uploads\/2025\/01\/iglesia_cotos-1024x682.jpg\" alt=\"imagen de la capilla de Cotos de Monterrey\" class=\"wp-image-12\" srcset=\"https:\/\/parroquiaventurada.archimadrid.es\/wp-content\/uploads\/2025\/01\/iglesia_cotos-1024x682.jpg 1024w, https:\/\/parroquiaventurada.archimadrid.es\/wp-content\/uploads\/2025\/01\/iglesia_cotos-300x200.jpg 300w, https:\/\/parroquiaventurada.archimadrid.es\/wp-content\/uploads\/2025\/01\/iglesia_cotos-768x512.jpg 768w, https:\/\/parroquiaventurada.archimadrid.es\/wp-content\/uploads\/2025\/01\/iglesia_cotos.jpg 1250w\" sizes=\"auto, (max-width: 1024px) 100vw, 1024px\" \/><figcaption class=\"wp-element-caption\">Capilla de Cotos de Monterrey<\/figcaption><\/figure>\n<\/div>\n\n\n\n<div class=\"wp-block-column is-vertically-aligned-center is-layout-flow wp-container-core-column-is-layout-3d3ccf45 wp-block-column-is-layout-flow\" style=\"padding-top:var(--wp--preset--spacing--10);padding-bottom:var(--wp--preset--spacing--10);flex-basis:100%\">\n<div class=\"wp-block-group is-vertical is-content-justification-center is-layout-flex wp-container-core-group-is-layout-4e970e18 wp-block-group-is-layout-flex\" style=\"border-radius:0px;min-height:0px;margin-top:0;margin-bottom:0;padding-top:0;padding-bottom:0\">\n<p class=\"has-text-align-center has-medium-font-size\">HORARIO DE MISAS<\/p>\n\n\n\n<div style=\"height:12px\" aria-hidden=\"true\" class=\"wp-block-spacer wp-container-content-b0b89ccb\"><\/div>\n\n\n\n<p class=\"has-text-align-center has-small-font-size\"><mark style=\"background-color:rgba(0, 0, 0, 0)\" class=\"has-inline-color has-contrast-color\"><strong>Verano<\/strong><br>S\u00e1bados: <strong>20:00h<\/strong><br>(Adoraci\u00f3n: 19:00h &#8211; Rosario: 19:30h)<br>Domingos y festivos: <strong>10:00h<\/strong> y <strong>13:00h<\/strong><br>V\u00edsperas de festivo: 20:00h (consultar)<\/mark><\/p>\n\n\n\n<div style=\"height:12px\" aria-hidden=\"true\" class=\"wp-block-spacer wp-container-content-b0b89ccb\"><\/div>\n\n\n\n<p class=\"has-text-align-center\" style=\"font-size:0.7rem\"><mark style=\"background-color:rgba(0, 0, 0, 0)\" class=\"has-inline-color has-accent-2-color\">Invierno<br>S\u00e1bados: <strong>19:00h<\/strong><br>(Adoraci\u00f3n: 18:00h &#8211; Rosario: 18:30h)<br>Domingos y festivos: <strong>10:00h<\/strong> y <strong>13:00h<\/strong><br>V\u00edsperas de festivo: 19:00h (consultar)<\/mark><\/p>\n<\/div>\n<\/div>\n<\/div>\n<\/div>\n\n\n\n<p class=\"has-text-align-center has-small-font-size\" style=\"margin-top:0px;margin-bottom:3px\">CONFESIONES: antes de las celebraciones de las 19h y 13h<\/p>\n\n\n\n<p class=\"has-text-align-center has-small-font-size\" style=\"margin-top:0px\"><mark style=\"background-color:rgba(0, 0, 0, 0)\" class=\"has-inline-color has-contrast-color\">Viernes de 10:30h-13:00h (salvo \u00faltimo del mes) &#8211; ADORACI\u00d3N del Sant\u00edsimo<\/mark><\/p>\n\n\n\n<div class=\"wp-block-group is-content-justification-center is-nowrap is-layout-flex wp-container-core-group-is-layout-975cd9ef wp-block-group-is-layout-flex\" style=\"border-radius:0px;margin-top:var(--wp--preset--spacing--10);margin-bottom:var(--wp--preset--spacing--10);padding-top:var(--wp--preset--spacing--10);padding-right:0;padding-bottom:var(--wp--preset--spacing--10);padding-left:0\">\n<figure class=\"wp-block-image size-full is-resized\"><img loading=\"lazy\" decoding=\"async\" width=\"280\" height=\"280\" src=\"https:\/\/parroquiaventurada.archimadrid.es\/wp-content\/uploads\/2025\/01\/logo_2x_rojo_caritas.png\" alt=\"logo C\u00e1ritas\" class=\"wp-image-16\" style=\"width:79px;height:auto\" srcset=\"https:\/\/parroquiaventurada.archimadrid.es\/wp-content\/uploads\/2025\/01\/logo_2x_rojo_caritas.png 280w, https:\/\/parroquiaventurada.archimadrid.es\/wp-content\/uploads\/2025\/01\/logo_2x_rojo_caritas-150x150.png 150w\" sizes=\"auto, (max-width: 280px) 100vw, 280px\" \/><\/figure>\n\n\n\n<p class=\"has-text-align-center has-text-color has-link-color has-small-font-size wp-elements-2b0dd1c84a9b625e2f2a16e6a140bb52\" style=\"color:#cf0404\">Recogida de alimentos para C\u00e1ritas local<br><strong>\u00daLTIMO fin de semana<\/strong> de mes<\/p>\n<\/div>\n\n\n\n<p class=\"has-text-align-center\">Calle Prados de la Casa, s\/n &#8211; Urb. Cotos de Monterrey &#8211; Venturada (Madrid &#8211; 28729)<\/p>\n<\/div>\n\n\n\n<div style=\"height:25px;width:0px\" aria-hidden=\"true\" class=\"wp-block-spacer\"><\/div>\n\n\n\n<div class=\"wp-block-group has-border-color has-global-padding is-layout-constrained wp-container-core-group-is-layout-2e80c2cd wp-block-group-is-layout-constrained\" style=\"border-color:#cd5029;border-radius:25px;margin-top:var(--wp--preset--spacing--10);margin-bottom:var(--wp--preset--spacing--10);padding-top:var(--wp--preset--spacing--10);padding-right:var(--wp--preset--spacing--10);padding-bottom:var(--wp--preset--spacing--10);padding-left:var(--wp--preset--spacing--10)\">\n<h3 class=\"wp-block-heading has-text-align-center\">Iglesia parroquial de Santiago Ap\u00f3stol<\/h3>\n\n\n\n<div class=\"wp-block-columns is-layout-flex wp-container-core-columns-is-layout-3548cbb1 wp-block-columns-is-layout-flex\" style=\"margin-top:var(--wp--preset--spacing--30);margin-bottom:0;padding-top:var(--wp--preset--spacing--10);padding-bottom:0\">\n<div class=\"wp-block-column is-vertically-aligned-center is-layout-flow wp-block-column-is-layout-flow\" style=\"flex-basis:100%\">\n<figure class=\"wp-block-image aligncenter size-full\" style=\"margin-top:0;margin-bottom:0\"><img loading=\"lazy\" decoding=\"async\" width=\"1024\" height=\"768\" src=\"https:\/\/parroquiaventurada.archimadrid.es\/wp-content\/uploads\/2025\/01\/parroquia_santiago-apostol.jpg\" alt=\"imagen de la parroquia de Santiago Ap\u00f3stol\" class=\"wp-image-13\" srcset=\"https:\/\/parroquiaventurada.archimadrid.es\/wp-content\/uploads\/2025\/01\/parroquia_santiago-apostol.jpg 1024w, https:\/\/parroquiaventurada.archimadrid.es\/wp-content\/uploads\/2025\/01\/parroquia_santiago-apostol-300x225.jpg 300w, https:\/\/parroquiaventurada.archimadrid.es\/wp-content\/uploads\/2025\/01\/parroquia_santiago-apostol-768x576.jpg 768w\" sizes=\"auto, (max-width: 1024px) 100vw, 1024px\" \/><figcaption class=\"wp-element-caption\">Parroquia de Santiago Ap\u00f3stol, en Venturada.<\/figcaption><\/figure>\n<\/div>\n\n\n\n<div class=\"wp-block-column is-vertically-aligned-center is-layout-flow wp-container-core-column-is-layout-92c44e9e wp-block-column-is-layout-flow\" style=\"padding-top:0;padding-bottom:0;flex-basis:100%\">\n<div class=\"wp-block-group is-vertical is-content-justification-center is-layout-flex wp-container-core-group-is-layout-a93f5c28 wp-block-group-is-layout-flex\" style=\"border-radius:0px;min-height:0px;margin-top:0;margin-bottom:0;padding-top:var(--wp--preset--spacing--20);padding-bottom:var(--wp--preset--spacing--20)\">\n<p class=\"has-text-align-center wp-container-content-a8af25ff\">HORARIO DE MISAS<\/p>\n\n\n\n<p class=\"has-text-align-center has-small-font-size\">Domingos y festivos: <strong>12:00h<\/strong><br>(todo el a\u00f1o)<\/p>\n\n\n\n<p class=\"has-text-align-center has-small-font-size\"><mark style=\"background-color:rgba(0, 0, 0, 0)\" class=\"has-inline-color has-contrast-color\">Mi\u00e9rcoles de 10:30h-13:<\/mark>00<mark style=\"background-color:rgba(0, 0, 0, 0)\" class=\"has-inline-color has-contrast-color\">h<br>ADORACI\u00d3N del Sant\u00edsimo<\/mark><\/p>\n<\/div>\n<\/div>\n<\/div>\n\n\n\n<p class=\"has-text-align-center\">Calle de la Venta, 42 &#8211; Venturada (Madrid &#8211; 28729)<\/p>\n<\/div>\n\n\n\n<div style=\"height:41px\" aria-hidden=\"true\" class=\"wp-block-spacer\"><\/div>\n<\/div>\n","protected":false},"excerpt":{"rendered":"<p>Bienvenidos a la web de la Parroquia de Venturada Capilla de Cotos de Monterrey HORARIO DE MISAS VeranoS\u00e1bados: 20:00h(Adoraci\u00f3n: 19:00h &#8211; Rosario: 19:30h)Domingos y festivos: 10:00h y 13:00hV\u00edsperas de festivo: 20:00h (consultar) InviernoS\u00e1bados: 19:00h(Adoraci\u00f3n: 18:00h &#8211; Rosario: 18:30h)Domingos y festivos: 10:00h y 13:00hV\u00edsperas de festivo: 19:00h (consultar) CONFESIONES: antes de las celebraciones de las 19h [&hellip;]<\/p>\n","protected":false},"author":1,"featured_media":0,"parent":0,"menu_order":0,"comment_status":"closed","ping_status":"closed","template":"","meta":{"footnotes":""},"class_list":["post-2","page","type-page","status-publish","hentry"],"yoast_head":"<!-- This site is optimized with the Yoast SEO plugin v27.5 - https:\/\/yoast.com\/product\/yoast-seo-wordpress\/ -->\n<title>Portada - Parroquia de Venturada<\/title>\n<meta name=\"description\" content=\"Sitio web de la Parroquia de Venturada, en la Sierra de Madrid.\" \/>\n<meta name=\"robots\" content=\"index, follow, max-snippet:-1, max-image-preview:large, max-video-preview:-1\" \/>\n<link rel=\"canonical\" href=\"https:\/\/parroquiaventurada.archimadrid.es\/\" \/>\n<meta property=\"og:locale\" content=\"es_ES\" \/>\n<meta property=\"og:type\" content=\"article\" \/>\n<meta property=\"og:title\" content=\"Portada - Parroquia de Venturada\" \/>\n<meta property=\"og:description\" content=\"Sitio web de la Parroquia de Venturada, en la Sierra de Madrid.\" \/>\n<meta property=\"og:url\" content=\"https:\/\/parroquiaventurada.archimadrid.es\/\" \/>\n<meta property=\"og:site_name\" content=\"Parroquia de Venturada\" \/>\n<meta property=\"article:modified_time\" content=\"2026-05-01T18:11:42+00:00\" \/>\n<meta property=\"og:image\" content=\"https:\/\/parroquiaventurada.archimadrid.es\/wp-content\/uploads\/2025\/01\/iglesia_cotos.jpg\" \/>\n\t<meta property=\"og:image:width\" content=\"1250\" \/>\n\t<meta property=\"og:image:height\" content=\"833\" \/>\n\t<meta property=\"og:image:type\" content=\"image\/jpeg\" \/>\n<meta name=\"twitter:card\" content=\"summary_large_image\" \/>\n<meta name=\"twitter:label1\" content=\"Tiempo de lectura\" \/>\n\t<meta name=\"twitter:data1\" content=\"1 minuto\" \/>\n<script type=\"application\/ld+json\" class=\"yoast-schema-graph\">{\"@context\":\"https:\\\/\\\/schema.org\",\"@graph\":[{\"@type\":\"WebPage\",\"@id\":\"https:\\\/\\\/parroquiaventurada.archimadrid.es\\\/\",\"url\":\"https:\\\/\\\/parroquiaventurada.archimadrid.es\\\/\",\"name\":\"Portada - Parroquia de Venturada\",\"isPartOf\":{\"@id\":\"https:\\\/\\\/parroquiaventurada.archimadrid.es\\\/#website\"},\"primaryImageOfPage\":{\"@id\":\"https:\\\/\\\/parroquiaventurada.archimadrid.es\\\/#primaryimage\"},\"image\":{\"@id\":\"https:\\\/\\\/parroquiaventurada.archimadrid.es\\\/#primaryimage\"},\"thumbnailUrl\":\"https:\\\/\\\/parroquiaventurada.archimadrid.es\\\/wp-content\\\/uploads\\\/2025\\\/01\\\/iglesia_cotos-1024x682.jpg\",\"datePublished\":\"2024-10-23T11:53:29+00:00\",\"dateModified\":\"2026-05-01T18:11:42+00:00\",\"description\":\"Sitio web de la Parroquia de Venturada, en la Sierra de Madrid.\",\"breadcrumb\":{\"@id\":\"https:\\\/\\\/parroquiaventurada.archimadrid.es\\\/#breadcrumb\"},\"inLanguage\":\"es\",\"potentialAction\":[{\"@type\":\"ReadAction\",\"target\":[\"https:\\\/\\\/parroquiaventurada.archimadrid.es\\\/\"]}]},{\"@type\":\"ImageObject\",\"inLanguage\":\"es\",\"@id\":\"https:\\\/\\\/parroquiaventurada.archimadrid.es\\\/#primaryimage\",\"url\":\"https:\\\/\\\/parroquiaventurada.archimadrid.es\\\/wp-content\\\/uploads\\\/2025\\\/01\\\/iglesia_cotos.jpg\",\"contentUrl\":\"https:\\\/\\\/parroquiaventurada.archimadrid.es\\\/wp-content\\\/uploads\\\/2025\\\/01\\\/iglesia_cotos.jpg\",\"width\":1250,\"height\":833,\"caption\":\"Capilla de Cotos de Monterrey\"},{\"@type\":\"BreadcrumbList\",\"@id\":\"https:\\\/\\\/parroquiaventurada.archimadrid.es\\\/#breadcrumb\",\"itemListElement\":[{\"@type\":\"ListItem\",\"position\":1,\"name\":\"Portada\",\"item\":\"https:\\\/\\\/parroquiaventurada.archimadrid.es\\\/\"},{\"@type\":\"ListItem\",\"position\":2,\"name\":\"Portada\"}]},{\"@type\":\"WebSite\",\"@id\":\"https:\\\/\\\/parroquiaventurada.archimadrid.es\\\/#website\",\"url\":\"https:\\\/\\\/parroquiaventurada.archimadrid.es\\\/\",\"name\":\"Parroquia de Venturada\",\"description\":\"\",\"publisher\":{\"@id\":\"https:\\\/\\\/parroquiaventurada.archimadrid.es\\\/#organization\"},\"potentialAction\":[{\"@type\":\"SearchAction\",\"target\":{\"@type\":\"EntryPoint\",\"urlTemplate\":\"https:\\\/\\\/parroquiaventurada.archimadrid.es\\\/?s={search_term_string}\"},\"query-input\":{\"@type\":\"PropertyValueSpecification\",\"valueRequired\":true,\"valueName\":\"search_term_string\"}}],\"inLanguage\":\"es\"},{\"@type\":\"Organization\",\"@id\":\"https:\\\/\\\/parroquiaventurada.archimadrid.es\\\/#organization\",\"name\":\"Parroquia de Venturada\",\"url\":\"https:\\\/\\\/parroquiaventurada.archimadrid.es\\\/\",\"logo\":{\"@type\":\"ImageObject\",\"inLanguage\":\"es\",\"@id\":\"https:\\\/\\\/parroquiaventurada.archimadrid.es\\\/#\\\/schema\\\/logo\\\/image\\\/\",\"url\":\"https:\\\/\\\/parroquiaventurada.archimadrid.es\\\/wp-content\\\/uploads\\\/2025\\\/01\\\/cropped-favicon.png\",\"contentUrl\":\"https:\\\/\\\/parroquiaventurada.archimadrid.es\\\/wp-content\\\/uploads\\\/2025\\\/01\\\/cropped-favicon.png\",\"width\":512,\"height\":512,\"caption\":\"Parroquia de Venturada\"},\"image\":{\"@id\":\"https:\\\/\\\/parroquiaventurada.archimadrid.es\\\/#\\\/schema\\\/logo\\\/image\\\/\"}}]}<\/script>\n<!-- \/ Yoast SEO plugin. -->","yoast_head_json":{"title":"Portada - Parroquia de Venturada","description":"Sitio web de la Parroquia de Venturada, en la Sierra de Madrid.","robots":{"index":"index","follow":"follow","max-snippet":"max-snippet:-1","max-image-preview":"max-image-preview:large","max-video-preview":"max-video-preview:-1"},"canonical":"https:\/\/parroquiaventurada.archimadrid.es\/","og_locale":"es_ES","og_type":"article","og_title":"Portada - Parroquia de Venturada","og_description":"Sitio web de la Parroquia de Venturada, en la Sierra de Madrid.","og_url":"https:\/\/parroquiaventurada.archimadrid.es\/","og_site_name":"Parroquia de Venturada","article_modified_time":"2026-05-01T18:11:42+00:00","og_image":[{"width":1250,"height":833,"url":"https:\/\/parroquiaventurada.archimadrid.es\/wp-content\/uploads\/2025\/01\/iglesia_cotos.jpg","type":"image\/jpeg"}],"twitter_card":"summary_large_image","twitter_misc":{"Tiempo de lectura":"1 minuto"},"schema":{"@context":"https:\/\/schema.org","@graph":[{"@type":"WebPage","@id":"https:\/\/parroquiaventurada.archimadrid.es\/","url":"https:\/\/parroquiaventurada.archimadrid.es\/","name":"Portada - Parroquia de Venturada","isPartOf":{"@id":"https:\/\/parroquiaventurada.archimadrid.es\/#website"},"primaryImageOfPage":{"@id":"https:\/\/parroquiaventurada.archimadrid.es\/#primaryimage"},"image":{"@id":"https:\/\/parroquiaventurada.archimadrid.es\/#primaryimage"},"thumbnailUrl":"https:\/\/parroquiaventurada.archimadrid.es\/wp-content\/uploads\/2025\/01\/iglesia_cotos-1024x682.jpg","datePublished":"2024-10-23T11:53:29+00:00","dateModified":"2026-05-01T18:11:42+00:00","description":"Sitio web de la Parroquia de Venturada, en la Sierra de Madrid.","breadcrumb":{"@id":"https:\/\/parroquiaventurada.archimadrid.es\/#breadcrumb"},"inLanguage":"es","potentialAction":[{"@type":"ReadAction","target":["https:\/\/parroquiaventurada.archimadrid.es\/"]}]},{"@type":"ImageObject","inLanguage":"es","@id":"https:\/\/parroquiaventurada.archimadrid.es\/#primaryimage","url":"https:\/\/parroquiaventurada.archimadrid.es\/wp-content\/uploads\/2025\/01\/iglesia_cotos.jpg","contentUrl":"https:\/\/parroquiaventurada.archimadrid.es\/wp-content\/uploads\/2025\/01\/iglesia_cotos.jpg","width":1250,"height":833,"caption":"Capilla de Cotos de Monterrey"},{"@type":"BreadcrumbList","@id":"https:\/\/parroquiaventurada.archimadrid.es\/#breadcrumb","itemListElement":[{"@type":"ListItem","position":1,"name":"Portada","item":"https:\/\/parroquiaventurada.archimadrid.es\/"},{"@type":"ListItem","position":2,"name":"Portada"}]},{"@type":"WebSite","@id":"https:\/\/parroquiaventurada.archimadrid.es\/#website","url":"https:\/\/parroquiaventurada.archimadrid.es\/","name":"Parroquia de Venturada","description":"","publisher":{"@id":"https:\/\/parroquiaventurada.archimadrid.es\/#organization"},"potentialAction":[{"@type":"SearchAction","target":{"@type":"EntryPoint","urlTemplate":"https:\/\/parroquiaventurada.archimadrid.es\/?s={search_term_string}"},"query-input":{"@type":"PropertyValueSpecification","valueRequired":true,"valueName":"search_term_string"}}],"inLanguage":"es"},{"@type":"Organization","@id":"https:\/\/parroquiaventurada.archimadrid.es\/#organization","name":"Parroquia de Venturada","url":"https:\/\/parroquiaventurada.archimadrid.es\/","logo":{"@type":"ImageObject","inLanguage":"es","@id":"https:\/\/parroquiaventurada.archimadrid.es\/#\/schema\/logo\/image\/","url":"https:\/\/parroquiaventurada.archimadrid.es\/wp-content\/uploads\/2025\/01\/cropped-favicon.png","contentUrl":"https:\/\/parroquiaventurada.archimadrid.es\/wp-content\/uploads\/2025\/01\/cropped-favicon.png","width":512,"height":512,"caption":"Parroquia de Venturada"},"image":{"@id":"https:\/\/parroquiaventurada.archimadrid.es\/#\/schema\/logo\/image\/"}}]}},"_links":{"self":[{"href":"https:\/\/parroquiaventurada.archimadrid.es\/index.php\/wp-json\/wp\/v2\/pages\/2","targetHints":{"allow":["GET"]}}],"collection":[{"href":"https:\/\/parroquiaventurada.archimadrid.es\/index.php\/wp-json\/wp\/v2\/pages"}],"about":[{"href":"https:\/\/parroquiaventurada.archimadrid.es\/index.php\/wp-json\/wp\/v2\/types\/page"}],"author":[{"embeddable":true,"href":"https:\/\/parroquiaventurada.archimadrid.es\/index.php\/wp-json\/wp\/v2\/users\/1"}],"replies":[{"embeddable":true,"href":"https:\/\/parroquiaventurada.archimadrid.es\/index.php\/wp-json\/wp\/v2\/comments?post=2"}],"version-history":[{"count":85,"href":"https:\/\/parroquiaventurada.archimadrid.es\/index.php\/wp-json\/wp\/v2\/pages\/2\/revisions"}],"predecessor-version":[{"id":359,"href":"https:\/\/parroquiaventurada.archimadrid.es\/index.php\/wp-json\/wp\/v2\/pages\/2\/revisions\/359"}],"wp:attachment":[{"href":"https:\/\/parroquiaventurada.archimadrid.es\/index.php\/wp-json\/wp\/v2\/media?parent=2"}],"curies":[{"name":"wp","href":"https:\/\/api.w.org\/{rel}","templated":true}]}}